{"id":2,"date":"2025-08-15T12:10:36","date_gmt":"2025-08-15T12:10:36","guid":{"rendered":"https:\/\/grondesignagentur.de\/?page_id=2"},"modified":"2025-12-04T09:08:26","modified_gmt":"2025-12-04T09:08:26","slug":"sample-page","status":"publish","type":"page","link":"https:\/\/grondesignagentur.de\/","title":{"rendered":""},"content":{"rendered":"\n<pre id=\"tw-target-text\" class=\"wp-block-preformatted\">\u201eDas Design ist die Kerze in der D\u00e4mmerung, die ein wenig Gem\u00fctlichkeit und Spa\u00df in unsere anstrengende Welt bringt.\u201c <em>Wladimir Kaminer<\/em><\/pre>\n\n\n\n\n\n\n<p><strong>Humorvolle Headlines. Ausdrucksstarke Logos. Zeitloses Design. Einheitliche Erscheinungsbilder, die funktionieren.<\/strong><\/p>\n\n\n\n<p>Das k\u00f6nnen wir am Besten und haben in 20 Jahren sehr viele tolle Projekte umgesetzt.<\/p>\n\n\n\n<p><strong>gr\u00f8n gestaltet f\u00fcr alle: Vom Startup bis zur international t\u00e4tigen Firma. Wir unterst\u00fctzen auch Agenturen in Spitzenzeiten oder gestalten f\u00fcr Firmen aus dem Merch- und Printbereich. <\/strong><\/p>\n\n\n\n<p><strong>Kurze Reaktionszeiten, schnelle Auffassungsgabe und Design mit Weitblick zeichnen uns aus.<\/strong> Wir erh\u00f6hen die Nutzbarkeit, schonen Ressourcen und fallen auf.<\/p>\n\n\n\n<h3 class=\"wp-block-heading\">Gutes Design strukturiert, vereinfacht und schafft Orientierung.<\/h3>\n\n\n\n<p><strong>Unsere Leistungen:<\/strong> Logoentwicklung, Corporate Design, Gesch\u00e4ftsausstattungen, Unternehmenskommunikation, Editorial Design, Plakate, B\u00fccher, Pr\u00e4sentationen, Illustration, Websites, Apps, Socialmedia, \u2026<\/p>\n\n\n\n<p><strong>Kunden<\/strong> (Auszug): Nehlsen | SWECO | Werder Bremen | encoway | emmi die Suppenbar | HANSAFLEX | steptext | ADFC <\/p>\n\n\n\n<p><\/p>\n\n\n\n<p><strong>Schreib uns, ruf an oder wir treffen uns auf einen Kaffee\/Tee?<\/strong><\/p>\n\n\n\n<p><strong>Wir freuen uns auf Dein Projekt.<\/strong><\/p>\n\n\n<p><img decoding=\"async\" class=\"\" src=\"https:\/\/grondesignagentur.de\/wp-content\/uploads\/2025\/08\/gronlogo_transp-300x108.png\" sizes=\"(max-width: 300px) 100vw, 300px\" srcset=\"https:\/\/grondesignagentur.de\/wp-content\/uploads\/2025\/08\/gronlogo_transp-300x108.png 300w, https:\/\/grondesignagentur.de\/wp-content\/uploads\/2025\/08\/gronlogo_transp-1024x370.png 1024w, https:\/\/grondesignagentur.de\/wp-content\/uploads\/2025\/08\/gronlogo_transp-768x277.png 768w, https:\/\/grondesignagentur.de\/wp-content\/uploads\/2025\/08\/gronlogo_transp.png 1246w\" alt=\"\" width=\"175\" height=\"63\" \/><\/p>\n\n\n<p>T 0421 98995551 | <a href=\"mailto:mail@gron.design\">mail@gron.design<\/a> | Wir arbeiten remote<\/p>\n\n\n\n<p><a href=\"http:\/\/instagram.com\/gron_designagentur\" data-type=\"link\" data-id=\"http:\/\/instagram.com\/gron_designagentur\">Mehr Design-Einblicke gibt es auf Instagram<\/a><br><\/p>\n\n\n\n<figure class=\"wp-block-image size-large\"><img fetchpriority=\"high\" decoding=\"async\" width=\"1024\" height=\"768\" src=\"https:\/\/grondesignagentur.de\/wp-content\/uploads\/2025\/12\/IMG_2504-1024x768.jpg\" alt=\"\" class=\"wp-image-82\" srcset=\"https:\/\/grondesignagentur.de\/wp-content\/uploads\/2025\/12\/IMG_2504-1024x768.jpg 1024w, https:\/\/grondesignagentur.de\/wp-content\/uploads\/2025\/12\/IMG_2504-300x225.jpg 300w, https:\/\/grondesignagentur.de\/wp-content\/uploads\/2025\/12\/IMG_2504-768x576.jpg 768w, https:\/\/grondesignagentur.de\/wp-content\/uploads\/2025\/12\/IMG_2504-1536x1152.jpg 1536w, https:\/\/grondesignagentur.de\/wp-content\/uploads\/2025\/12\/IMG_2504-2048x1536.jpg 2048w\" sizes=\"(max-width: 1024px) 100vw, 1024px\" \/><\/figure>\n\n\n\n<p>+++ Unsere Website wird aktuell relauncht und ist daher eine reine Infoseite +++<\/p>\n","protected":false},"excerpt":{"rendered":"<p>\u201eDas Design ist die Kerze in der D\u00e4mmerung, die ein wenig Gem\u00fctlichkeit und Spa\u00df in unsere anstrengende Welt bringt.\u201c Wladimir Kaminer Humorvolle Headlines. Ausdrucksstarke Logos. Zeitloses Design. Einheitliche Erscheinungsbilder, die funktionieren. Das k\u00f6nnen wir am Besten und haben in 20 Jahren sehr viele tolle Projekte umgesetzt. gr\u00f8n gestaltet f\u00fcr alle: Vom Startup bis zur international [&hellip;]<\/p>\n","protected":false},"author":1,"featured_media":0,"parent":0,"menu_order":0,"comment_status":"closed","ping_status":"open","template":"","meta":{"footnotes":""},"class_list":["post-2","page","type-page","status-publish"],"featured_media_urls":[],"_links":{"self":[{"href":"https:\/\/grondesignagentur.de\/index.php?rest_route=\/wp\/v2\/pages\/2","targetHints":{"allow":["GET"]}}],"collection":[{"href":"https:\/\/grondesignagentur.de\/index.php?rest_route=\/wp\/v2\/pages"}],"about":[{"href":"https:\/\/grondesignagentur.de\/index.php?rest_route=\/wp\/v2\/types\/page"}],"author":[{"embeddable":true,"href":"https:\/\/grondesignagentur.de\/index.php?rest_route=\/wp\/v2\/users\/1"}],"replies":[{"embeddable":true,"href":"https:\/\/grondesignagentur.de\/index.php?rest_route=%2Fwp%2Fv2%2Fcomments&post=2"}],"version-history":[{"count":99,"href":"https:\/\/grondesignagentur.de\/index.php?rest_route=\/wp\/v2\/pages\/2\/revisions"}],"predecessor-version":[{"id":217,"href":"https:\/\/grondesignagentur.de\/index.php?rest_route=\/wp\/v2\/pages\/2\/revisions\/217"}],"wp:attachment":[{"href":"https:\/\/grondesignagentur.de\/index.php?rest_route=%2Fwp%2Fv2%2Fmedia&parent=2"}],"curies":[{"name":"wp","href":"https:\/\/api.w.org\/{rel}","templated":true}]}}